{"id":15251,"date":"2019-12-13T10:20:08","date_gmt":"2019-12-13T10:20:08","guid":{"rendered":"https:\/\/www.art-invest.de\/presse\/"},"modified":"2025-08-26T17:06:39","modified_gmt":"2025-08-26T15:06:39","slug":"press","status":"publish","type":"page","link":"https:\/\/www.art-invest.de\/en\/press\/","title":{"rendered":"Press"},"content":{"rendered":"<div class=\"bg-block page-section anim\">\n  <div class=\"row-container desktop\" >\n    <div class=\"row\">\n      <div class=\"col-md-12\">\n        <div class=\"main-title-wrapper\">\n          <h2> Press <\/h2>\n        <\/div>\n      <\/div>\n    <\/div>\n  <\/div>\n  <div class=\"row-container--max\">\n    <div class=\"row-container-grid\">\n      <div class=\"block-image-text \">\n        <div class=\"box-wrapper company\">\n          <div class=\"box-content\">\n            <h2 class=\"mobile\"> Press <\/h2>\n            <h5> News <\/h5>\n            <h3> Always up to date <\/h3>\n            <p>If you would like to receive press information regularly, you can register for our press distribution list. You will also find our company logo for download here. <\/p>\n\n          <\/div>\n        <\/div>\n        <div class=\"image-wrapper\">\n          <img decoding=\"async\" src=\"https:\/\/www.art-invest.de\/wp-content\/uploads\/2025\/08\/eschborn_gate_4285-scaled.jpg\">\n        <\/div>\n      <\/div>\n    <\/div>\n  <\/div>\n<\/div>\n\n\n<div class=\"bg-news-white page-section\" data-name=\"news\" id=\"news\">\n  <div class=\"row-container\">\n    <div class=\"row\">\n      <div class=\"col-md-12\">\n        <div class=\"news-wrapper-main-title\">\n          <h2> News <\/h2>\n        <\/div>\n      <\/div>\n    <\/div>\n    <div class=\"\" data-initblock=\"\" data-slidesPerView=\"3\">\n      <div class=\"row\">\n                            <div class=\"col-4\">\n            <div class=\"news-wrapper-post-img anim\">\n                                            <img decoding=\"async\" src=\"https:\/\/www.art-invest.de\/wp-content\/uploads\/2025\/12\/25h_Wien_Aussenansicht_4_zugeschnitten.jpg\">\n                            <div class=\"news-wrapper-content\">\n                <div class=\"news-date-location\">\n                  <h5> 09.12.2025, Cologne\/Vienna <\/h5>\n                <\/div>\n                <div class=\"news-post-title\">\n                                      <h3> Art-Invest Real Estate acquires 25hours Hotel at the MuseumsQuartier in Vienna\u2019s city center\u00a0 <\/h3>\n                                  <\/div>\n                <div class=\"bottom-link\">\n                  <a href=\"art-invest-real-estate-acquires-25hours-hotel-at-the-museumsquartier-in-viennas-city-center\"> Learn More\n                    <img decoding=\"async\" class=\"button-img\" src=\"https:\/\/www.art-invest.de\/wp-content\/themes\/art-invest\/dist\/images\/Arrow-Right.svg\">\n                  <\/a>\n                <\/div>\n              <\/div>\n            <\/div>\n          <\/div>\n                            <div class=\"col-4\">\n            <div class=\"news-wrapper-post-img anim\">\n                                            <img decoding=\"async\" src=\"https:\/\/www.art-invest.de\/wp-content\/uploads\/2023\/09\/Canada-Water-Dockside-external-credit-Art-Invest-Real-Estate.jpg\">\n                            <div class=\"news-wrapper-content\">\n                <div class=\"news-date-location\">\n                  <h5> 02.12.2025, London <\/h5>\n                <\/div>\n                <div class=\"news-post-title\">\n                                      <h3> Fusion Group and Cheyne acquire Dockside Canada Water from Art-Invest Real Estate to deliver PBSA de &#8230; <\/h3>\n                                  <\/div>\n                <div class=\"bottom-link\">\n                  <a href=\"fusion-group-and-cheyne-acquire-dockside-canada-water-from-art-invest-real-estate-to-deliver-pbsa-development\"> Learn More\n                    <img decoding=\"async\" class=\"button-img\" src=\"https:\/\/www.art-invest.de\/wp-content\/themes\/art-invest\/dist\/images\/Arrow-Right.svg\">\n                  <\/a>\n                <\/div>\n              <\/div>\n            <\/div>\n          <\/div>\n                            <div class=\"col-4\">\n            <div class=\"news-wrapper-post-img anim\">\n                                            <img decoding=\"async\" src=\"https:\/\/www.art-invest.de\/wp-content\/uploads\/2025\/05\/AS_Barkarby-1-6-scaled.jpg\">\n                            <div class=\"news-wrapper-content\">\n                <div class=\"news-date-location\">\n                  <h5> 13.05.2025, Cologne\/Stockholm <\/h5>\n                <\/div>\n                <div class=\"news-post-title\">\n                                      <h3> Art-Invest Real Estate acquires three residential properties from \u00c5ke Sundvall and OBOS in Stockhol &#8230; <\/h3>\n                                  <\/div>\n                <div class=\"bottom-link\">\n                  <a href=\"art-invest-real-estate-erwirbt-drei-wohngebaeude-in-barkarbystaden-in-stockholm\"> Learn More\n                    <img decoding=\"async\" class=\"button-img\" src=\"https:\/\/www.art-invest.de\/wp-content\/themes\/art-invest\/dist\/images\/Arrow-Right.svg\">\n                  <\/a>\n                <\/div>\n              <\/div>\n            <\/div>\n          <\/div>\n                            <div class=\"col-4\">\n            <div class=\"news-wrapper-post-img anim\">\n                                            <img decoding=\"async\" src=\"https:\/\/www.art-invest.de\/wp-content\/uploads\/2025\/05\/01_010_Aerial_View-South_241118-scaled.jpg\">\n                            <div class=\"news-wrapper-content\">\n                <div class=\"news-date-location\">\n                  <h5> 29.04.2025, London <\/h5>\n                <\/div>\n                <div class=\"news-post-title\">\n                                      <h3> Art-Invest Real Estate secures detailed planning approval for Dockside Canada Water\u2019s Plot B\u00a0 <\/h3>\n                                  <\/div>\n                <div class=\"bottom-link\">\n                  <a href=\"art-invest-real-estate-secures-detailed-planning-approval-for-dockside-canada-waters-plot-b\"> Learn More\n                    <img decoding=\"async\" class=\"button-img\" src=\"https:\/\/www.art-invest.de\/wp-content\/themes\/art-invest\/dist\/images\/Arrow-Right.svg\">\n                  <\/a>\n                <\/div>\n              <\/div>\n            <\/div>\n          <\/div>\n              <\/div>\n    <\/div>\n    <div class=\"row\">\n      <div class=\"col-md-12\">\n        <div class=\"button-news-wrapper bg-white\">\n          <a href=\"https:\/\/www.art-invest.de\/presse\/pressearchiv\/\"> <span> To the press archive <\/span> <\/a>\n        <\/div>\n      <\/div>\n    <\/div>\n  <\/div>\n<\/div>\n\n\n\n\n<div class=\"block-bg--grey  \" data-name=\"download-press\"\n    id=\"download-press\">\n    <div class=\"row-container row-container--max\">\n        <div class=\"row-container-grid\">\n            <div class=\"wrapper-details \">\n                <div class=\"background-circle  \">\n                    <div class=\"background-circle--left\"><\/div>\n                    <div class=\"background-circle--right\"><\/div>\n                    <div class=\"background-circle--left\"><\/div>\n                <\/div>\n                                    <div class=\"block-title desktop\">\n                                                    <h2> Download Press <\/h2>\n                                            <\/div>\n                \n                \n                \n\n                                                                                \n                                                                    <div class=\"box   anim\">\n                                        <div class=\"content-specifications \">\n                        <div>\n                                                        <p>Here you will find information about the company and the Art-Invest Real Estate company logo for download. The text material and logo data offered for download may only be published together with a press release or the topic with which it is related. <\/p>\n\n                                                                                        <div class=\"button-link\">\n                                    <a href=\"https:\/\/www.art-invest.de\/en\/press\/download-area\/\" target=\"\">\n                                        Download section <\/a>\n                                    <img decoding=\"async\" src=\"https:\/\/www.art-invest.de\/wp-content\/themes\/art-invest\/dist\/images\/Arrow-Right.svg\" \/>\n                                <\/div>\n                                                                                <\/div>\n                    <\/div>\n                                            <div class=\"block-title mobile\">\n                                                            <h2> Download Press <\/h2>\n                                                    <\/div>\n                                        <div class=\"img-wrapper\">\n                                                    <img loading=\"lazy\" decoding=\"async\" width=\"800\" height=\"800\" src=\"https:\/\/www.art-invest.de\/wp-content\/uploads\/2021\/11\/Alter-Wall-Kopfgeba\u0308ude-Nutzungsrechte-Art_Invest_Rea-l_Estate-800x800.jpg\" class=\"attachment-project-list size-project-list\" alt=\"Helles sechsst\u00f6ckiges Geb\u00e4ude mit vielen Fenstern, beleuchtetem Erdgeschoss und Fahne auf dem Dach, steht an einem gro\u00dfen Platz neben einem historischen Bau\" srcset=\"https:\/\/www.art-invest.de\/wp-content\/uploads\/2021\/11\/Alter-Wall-Kopfgeba\u0308ude-Nutzungsrechte-Art_Invest_Rea-l_Estate-800x800.jpg 800w, https:\/\/www.art-invest.de\/wp-content\/uploads\/2021\/11\/Alter-Wall-Kopfgeba\u0308ude-Nutzungsrechte-Art_Invest_Rea-l_Estate-150x150.jpg 150w\" sizes=\"auto, (max-width: 800px) 100vw, 800px\" \/>\n                                            <\/div>\n            <\/div>\n                                <\/div>\n    <\/div>\n<\/div>\n<\/div>\n\n    \n\n<div class=\"block-bg--grey block-bg--white \" data-name=\"press-archive\"\n    id=\"press-archive\">\n    <div class=\"row-container row-container--max\">\n        <div class=\"row-container-grid\">\n            <div class=\"wrapper-details \">\n                <div class=\"background-circle  \">\n                    <div class=\"background-circle--left\"><\/div>\n                    <div class=\"background-circle--right\"><\/div>\n                    <div class=\"background-circle--left\"><\/div>\n                <\/div>\n                                    <div class=\"block-title desktop\">\n                                                    <h2> Press archive <\/h2>\n                                            <\/div>\n                \n                \n                \n\n                                                                                \n                                                                    <div class=\"box box--reverse  anim\">\n                                        <div class=\"content-specifications content-specifications--dark\">\n                        <div>\n                                                            <h3> All news at a glance <\/h3>\n                                                        <p>In our press archive, you will find all our press releases published in recent years, organised chronologically. You can also use keywords to search for topics that interest you.<\/p>\n\n                                                                                        <div class=\"button-link\">\n                                    <a href=\"https:\/\/www.art-invest.de\/presse\/pressearchiv\/\" target=\"\">\n                                        To the press archive <\/a>\n                                    <img decoding=\"async\" src=\"https:\/\/www.art-invest.de\/wp-content\/themes\/art-invest\/dist\/images\/Arrow-Right.svg\" \/>\n                                <\/div>\n                                                                                <\/div>\n                    <\/div>\n                                            <div class=\"block-title mobile\">\n                                                            <h2> Press archive <\/h2>\n                                                    <\/div>\n                                        <div class=\"img-wrapper\">\n                                                    <img loading=\"lazy\" decoding=\"async\" width=\"420\" height=\"420\" src=\"https:\/\/www.art-invest.de\/wp-content\/uploads\/2020\/03\/Art-Invest-Anforderungen.png\" class=\"attachment-project-list size-project-list\" alt=\"Zwei moderne, helle B\u00fcrogeb\u00e4ude am Abend mit gro\u00dfen Glasfassaden. Davor Stra\u00dfe mit Lichtspuren von Autos.\" srcset=\"https:\/\/www.art-invest.de\/wp-content\/uploads\/2020\/03\/Art-Invest-Anforderungen.png 420w, https:\/\/www.art-invest.de\/wp-content\/uploads\/2020\/03\/Art-Invest-Anforderungen-300x300.png 300w, https:\/\/www.art-invest.de\/wp-content\/uploads\/2020\/03\/Art-Invest-Anforderungen-150x150.png 150w\" sizes=\"auto, (max-width: 420px) 100vw, 420px\" \/>\n                                            <\/div>\n            <\/div>\n                                <\/div>\n    <\/div>\n<\/div>\n<\/div>\n\n    \n\n<div class=\"anchor-results bg-dark-sixth bg-dark-sixth--contact-form\" data-name=\"press-distribution\" id=\"press-distribution\">\n  <div class=\"container\">\n    <div class=\"row\">\n      <div class=\"col-md-12\">\n        <h2> Press distribution<\/h2>\n      <\/div>\n    <\/div>\n    <div class=\"row\">\n      <div class=\"col-md-8\">\n        <div class=\"wrapper-results\">\n          <div class=\"content-results\">\n            <p>You can receive press releases automatically by e-mail on request. Please register with the form on this page. We can only offer this service to journalists.<\/p>\n<p><strong>Press contact<\/strong><\/p>\n<p>T +49 221 270579-00<br \/>\n<a href=\"mailto:presse@art-invest.de\">presse@art-invest.de<\/a><\/p>\n\n          <\/div>\n        <\/div>\n      <\/div>\n    <\/div>\n    <div class=\"row\">\n      <div class=\"col-md-8\">\n        <div class=\"contact-form-intro\">\n          <p><\/p>\n        <\/div>\n                \n\t\t\t<form id=\"sib_signup_form_2\" method=\"post\" class=\"sib_signup_form\">\n\t\t\t\t<div class=\"sib_loader\" style=\"display:none;\"><img\n\t\t\t\t\t\t\tsrc=\"https:\/\/www.art-invest.de\/wp-includes\/images\/spinner.gif\" alt=\"loader\"><\/div>\n\t\t\t\t<input type=\"hidden\" name=\"sib_form_action\" value=\"subscribe_form_submit\">\n\t\t\t\t<input type=\"hidden\" name=\"sib_form_id\" value=\"2\">\n                <input type=\"hidden\" name=\"sib_form_alert_notice\" value=\"Please fill out this field\">\n                <input type=\"hidden\" name=\"sib_form_invalid_email_notice\" value=\"Your email address is invalid\">\n                <input type=\"hidden\" name=\"sib_security\" value=\"44c170193a\">\n\t\t\t\t<div class=\"sib_signup_box_inside_2\">\n\t\t\t\t\t<div style=\"\/*display:none*\/\" class=\"sib_msg_disp\">\n\t\t\t\t\t<\/div>\n                    \t\t\t\t\t<div class=\"sib-row\">\r\n  <p>\r\n      By clicking on the &#8220;Send&#8221; button, I agree that Art-Invest Real Estate Management GmbH &amp; Co. KG to send me regular press\r\n      releases by e-mail. I can unsubscribe from this newsletter at any time.\r\n  <\/p>\r\n<\/div>\r\n\r\n\r\n<div class=\"sib-row\">\r\n  <p class=\"sib-ANREDE-area\">\r\n    <label class=\"sib-ANREDE-area\" for=\"anrede_title\">Salutation<\/label>\r\n    <select id=\"anrede_title\" class=\"sib-ANREDE-area\" name=\"ANREDE\">\r\n      <option value=\"3\">Mrs<\/option>\r\n      <option value=\"4\">Mr<\/option>\r\n    <\/select>\r\n  <\/p>\r\n<\/div>\r\n<div class=\"sib-row\">\r\n  <div class=\"sib-column sibw-50\">\r\n    <input type=\"text\" class=\"sib-VORNAME-area\" name=\"VORNAME\" id=\"sib-firstname\" placeholder=\"\" required=\"required\">\r\n    <label class=\"sib-VORNAME-area\">First Name *<\/label>\r\n  <\/div>\r\n\r\n  <div class=\"sib-column sibw-50\">\r\n    <input type=\"text\" class=\"sib-NACHNAME-area\" name=\"NACHNAME\" id=\"sib-lastname\" placeholder=\"\" required=\"required\">\r\n    <label class=\"sib-NACHNAME-area\">Last Name *<\/label>\r\n  <\/div>\r\n\r\n  \r\n<\/div>\r\n\r\n<div class=\"sib-row\">\r\n  <div class=\"sib-column sibw-100\">\r\n\r\n      <input type=\"text\" class=\"sib-MEDIUM_ABTEILUNG-area\" name=\"MEDIUM_ABTEILUNG\" id=\"sib-medium\" placeholder=\"\">\r\n      <label class=\"sib-MEDIUM_ABTEILUNG-area\">Medium \/ Department<\/label>\r\n\r\n  <\/div>\r\n<\/div>\r\n\r\n\r\n\r\n<div class=\"sib-row\">\r\n  <div class=\"sib-column sibw-50\">\r\n    \r\n      <input type=\"email\" class=\"sib-email-area\" name=\"email\" value=\"\" required=\"required\" id=\"sib-email\" placeholder=\"\">\r\n    <label class=\"sib-email-area\">Email address *<\/label>\r\n  <\/div>\r\n\r\n  <div class=\"sib-column sibw-50\">\r\n\r\n    \r\n      <input type=\"text\" class=\"sib-TELEFONNUMMER-area\" name=\"TELEFONNUMMER\" id=\"sib-telefonnummer\" placeholder=\"\">\r\n  <label class=\"sib-TELEFONNUMMER-area\">Phone number<\/label>\r\n  <\/div>\r\n<\/div>\r\n\r\n\r\n\r\n<div class=\"sib-row\">\r\n  <p class=\"sib-OPT_IN-area\">\r\n    <input type=\"hidden\" name=\"OPT_IN\" value=\"0\"><input type=\"checkbox\" value=\"1\" class=\"sib-OPT_IN-area\" name=\"OPT_IN\" placeholder=\"\" required=\"required\">\r\n      <span>I consent to the processing of my personal data &#8211; as described in the <a href=\"https:\/\/www.art-invest.de\/en\/privacy-policy\/\">privacy policy<\/a> &#8211; for the purpose of sending the newsletter. I can revoke this consent at any time.<\/span> \r\n\r\n        \r\n  <\/p>\r\n<\/div>\r\n<div class=\"sib-row\">\r\n\t\t<input\n\t\t\t\ttype=\"hidden\"\n\t\t\t\tclass=\"hcaptcha-widget-id\"\n\t\t\t\tname=\"hcaptcha-widget-id\"\n\t\t\t\tvalue=\"eyJzb3VyY2UiOltdLCJmb3JtX2lkIjowfQ==-2c1f6a922323991ba320d451e30c6816\">\n\t\t\t\t<h-captcha\n\t\t\tclass=\"h-captcha\"\n\t\t\tdata-sitekey=\"9f6d4daa-2611-49d9-8b59-4d3e52c02060\"\n\t\t\tdata-theme=\"dark\"\n\t\t\tdata-size=\"normal\"\n\t\t\tdata-auto=\"true\"\n\t\t\tdata-ajax=\"false\"\n\t\t\tdata-force=\"false\">\n\t\t<\/h-captcha>\n\t\t<input type=\"hidden\" id=\"hcaptcha_nonce\" name=\"hcaptcha_nonce\" value=\"74196ac46f\" \/><input type=\"hidden\" name=\"_wp_http_referer\" value=\"\/en\/wp-json\/wp\/v2\/pages\/15251\" \/>\r\n<\/div>\r\n\r\n<div class=\"sib-row\">\r\n  <p>\r\n    <input type=\"submit\" class=\"sib-default-btn\" value=\"Subscribe\">\r\n  <\/p>\r\n<\/div>\t\t\t\t<\/div>\n\t\t\t<\/form>\n\t\t\t<style>\n\t\t\t\tform#sib_signup_form_2 p.sib-alert-message {\n    padding: 6px 12px;\n    margin-bottom: 20px;\n    border: 1px solid transparent;\n    border-radius: 4px;\n    -webkit-box-sizing: border-box;\n    -moz-box-sizing: border-box;\n    box-sizing: border-box;\n}\nform#sib_signup_form_2 p.sib-alert-message-error {\n    background-color: #f2dede;\n    border-color: #ebccd1;\n    color: #a94442;\n}\nform#sib_signup_form_2 p.sib-alert-message-success {\n    background-color: #dff0d8;\n    border-color: #d6e9c6;\n    color: #3c763d;\n}\nform#sib_signup_form_2 p.sib-alert-message-warning {\n    background-color: #fcf8e3;\n    border-color: #faebcc;\n    color: #8a6d3b;\n}\n\t\t\t<\/style>\n\t\t\t      <\/div>\n    <\/div>\n  <\/div>\n<\/div>\n<div class=\"modal fade\" id=\"contact-form-modal\" tabindex=\"-1\" role=\"dialog\" aria-labelledby=\"video-modal-label\" aria-hidden=\"true\">\n  <div class=\"modal-dialog modal-dialog-centered\" role=\"document\">\n    <div class=\"modal-content\">\n      <div class=\"contact-modal-header\">\n        <h3>Vielen Dank!<\/h3>\n        <button type=\"button\" class=\"close\" data-dismiss=\"modal\" aria-label=\"Close\">\n          <img decoding=\"async\" src=\"https:\/\/www.art-invest.de\/wp-content\/themes\/art-invest\/dist\/images\/Close.svg\">\n        <\/button>\n      <\/div>\n      <p>\n        Zuk\u00fcnftig erhalten Sie Pressemitteilungen von Art-Invest Real Estate.\n      <\/p>\n    <\/div>\n  <\/div>\n<\/div>\n","protected":false},"excerpt":{"rendered":"","protected":false},"author":1,"featured_media":0,"parent":0,"menu_order":0,"comment_status":"closed","ping_status":"closed","template":"","meta":{"_acf_changed":false,"footnotes":""},"class_list":["post-15251","page","type-page","status-publish","hentry"],"acf":[],"yoast_head":"<!-- This site is optimized with the Yoast SEO plugin v26.2 - https:\/\/yoast.com\/wordpress\/plugins\/seo\/ -->\n<title>Art-Invest Real Estate | Press<\/title>\n<meta name=\"robots\" content=\"index, follow, max-snippet:-1, max-image-preview:large, max-video-preview:-1\" \/>\n<link rel=\"canonical\" href=\"https:\/\/www.art-invest.de\/en\/press\/\" \/>\n<meta property=\"og:locale\" content=\"en_US\" \/>\n<meta property=\"og:type\" content=\"article\" \/>\n<meta property=\"og:title\" content=\"Art-Invest Real Estate | Press\" \/>\n<meta property=\"og:url\" content=\"https:\/\/www.art-invest.de\/en\/press\/\" \/>\n<meta property=\"og:site_name\" content=\"Art-Invest Real Estate\" \/>\n<meta property=\"article:modified_time\" content=\"2025-08-26T15:06:39+00:00\" \/>\n<meta name=\"twitter:card\" content=\"summary_large_image\" \/>\n<script type=\"application\/ld+json\" class=\"yoast-schema-graph\">{\"@context\":\"https:\/\/schema.org\",\"@graph\":[{\"@type\":\"WebPage\",\"@id\":\"https:\/\/www.art-invest.de\/en\/press\/\",\"url\":\"https:\/\/www.art-invest.de\/en\/press\/\",\"name\":\"Art-Invest Real Estate | Press\",\"isPartOf\":{\"@id\":\"https:\/\/www.art-invest.de\/#website\"},\"datePublished\":\"2019-12-13T10:20:08+00:00\",\"dateModified\":\"2025-08-26T15:06:39+00:00\",\"breadcrumb\":{\"@id\":\"https:\/\/www.art-invest.de\/en\/press\/#breadcrumb\"},\"inLanguage\":\"en-US\",\"potentialAction\":[{\"@type\":\"ReadAction\",\"target\":[\"https:\/\/www.art-invest.de\/en\/press\/\"]}]},{\"@type\":\"BreadcrumbList\",\"@id\":\"https:\/\/www.art-invest.de\/en\/press\/#breadcrumb\",\"itemListElement\":[{\"@type\":\"ListItem\",\"position\":1,\"name\":\"Startseite\",\"item\":\"https:\/\/www.art-invest.de\/en\/\"},{\"@type\":\"ListItem\",\"position\":2,\"name\":\"Press\"}]},{\"@type\":\"WebSite\",\"@id\":\"https:\/\/www.art-invest.de\/#website\",\"url\":\"https:\/\/www.art-invest.de\/\",\"name\":\"Art-Invest Real Estate\",\"description\":\"Art-Invest\",\"potentialAction\":[{\"@type\":\"SearchAction\",\"target\":{\"@type\":\"EntryPoint\",\"urlTemplate\":\"https:\/\/www.art-invest.de\/?s={search_term_string}\"},\"query-input\":{\"@type\":\"PropertyValueSpecification\",\"valueRequired\":true,\"valueName\":\"search_term_string\"}}],\"inLanguage\":\"en-US\"}]}<\/script>\n<!-- \/ Yoast SEO plugin. -->","yoast_head_json":{"title":"Art-Invest Real Estate | Press","robots":{"index":"index","follow":"follow","max-snippet":"max-snippet:-1","max-image-preview":"max-image-preview:large","max-video-preview":"max-video-preview:-1"},"canonical":"https:\/\/www.art-invest.de\/en\/press\/","og_locale":"en_US","og_type":"article","og_title":"Art-Invest Real Estate | Press","og_url":"https:\/\/www.art-invest.de\/en\/press\/","og_site_name":"Art-Invest Real Estate","article_modified_time":"2025-08-26T15:06:39+00:00","twitter_card":"summary_large_image","schema":{"@context":"https:\/\/schema.org","@graph":[{"@type":"WebPage","@id":"https:\/\/www.art-invest.de\/en\/press\/","url":"https:\/\/www.art-invest.de\/en\/press\/","name":"Art-Invest Real Estate | Press","isPartOf":{"@id":"https:\/\/www.art-invest.de\/#website"},"datePublished":"2019-12-13T10:20:08+00:00","dateModified":"2025-08-26T15:06:39+00:00","breadcrumb":{"@id":"https:\/\/www.art-invest.de\/en\/press\/#breadcrumb"},"inLanguage":"en-US","potentialAction":[{"@type":"ReadAction","target":["https:\/\/www.art-invest.de\/en\/press\/"]}]},{"@type":"BreadcrumbList","@id":"https:\/\/www.art-invest.de\/en\/press\/#breadcrumb","itemListElement":[{"@type":"ListItem","position":1,"name":"Startseite","item":"https:\/\/www.art-invest.de\/en\/"},{"@type":"ListItem","position":2,"name":"Press"}]},{"@type":"WebSite","@id":"https:\/\/www.art-invest.de\/#website","url":"https:\/\/www.art-invest.de\/","name":"Art-Invest Real Estate","description":"Art-Invest","potentialAction":[{"@type":"SearchAction","target":{"@type":"EntryPoint","urlTemplate":"https:\/\/www.art-invest.de\/?s={search_term_string}"},"query-input":{"@type":"PropertyValueSpecification","valueRequired":true,"valueName":"search_term_string"}}],"inLanguage":"en-US"}]}},"_links":{"self":[{"href":"https:\/\/www.art-invest.de\/en\/wp-json\/wp\/v2\/pages\/15251","targetHints":{"allow":["GET"]}}],"collection":[{"href":"https:\/\/www.art-invest.de\/en\/wp-json\/wp\/v2\/pages"}],"about":[{"href":"https:\/\/www.art-invest.de\/en\/wp-json\/wp\/v2\/types\/page"}],"author":[{"embeddable":true,"href":"https:\/\/www.art-invest.de\/en\/wp-json\/wp\/v2\/users\/1"}],"replies":[{"embeddable":true,"href":"https:\/\/www.art-invest.de\/en\/wp-json\/wp\/v2\/comments?post=15251"}],"version-history":[{"count":40,"href":"https:\/\/www.art-invest.de\/en\/wp-json\/wp\/v2\/pages\/15251\/revisions"}],"predecessor-version":[{"id":28564,"href":"https:\/\/www.art-invest.de\/en\/wp-json\/wp\/v2\/pages\/15251\/revisions\/28564"}],"wp:attachment":[{"href":"https:\/\/www.art-invest.de\/en\/wp-json\/wp\/v2\/media?parent=15251"}],"curies":[{"name":"wp","href":"https:\/\/api.w.org\/{rel}","templated":true}]}}