{"id":15271,"date":"2019-12-13T10:36:28","date_gmt":"2019-12-13T10:36:28","guid":{"rendered":"https:\/\/www.art-invest.de\/impressum\/"},"modified":"2026-04-17T11:38:48","modified_gmt":"2026-04-17T09:38:48","slug":"imprint","status":"publish","type":"page","link":"https:\/\/www.art-invest.de\/en\/imprint\/","title":{"rendered":"Imprint"},"content":{"rendered":"<div class=\"banner-full-image\" style=\"background-image: url(https:\/\/www.art-invest.de\/wp-content\/uploads\/2020\/03\/art-invest-downloadbereich.png)\">\n  <\/div>\n\n\n<div class=\"bg-highlight page-section anim\">\n  <div class=\"small-container small-container--circle-inside\">\n          <div class=\"small-container__circle-container\">\n      <\/div>\n    \n    <div class=\"row\">\n    <div class=\"col-md-6 col-square\">\n        <div class=\"square\">\n            <div class=\"title-highlight-wrapper\">\n                <h3>\n                    Imprint\n                <\/h3>\n            <\/div>\n        <\/div>\n    <\/div>\n    <div class=\"col-md-6\">\n        <div class=\"description-highlight-wrapper\">\n                                                            <div class=\"news-date-location\">\n                            <\/div>\n                                    \n        <\/div>\n    <\/div>\n    <\/div>\n\n  <\/div>\n<\/div>\n\n\n<div class=\"footer-page-block\">\n  <div class=\"row-container\">\n    <div class=\"footer-page-block__text-box\">\n      <p>Art-Invest Real Estate Management GmbH &amp; Co. KG<br \/>\nAm Kabellager 11\u201313<br \/>\n51063 Cologne<br \/>\nGermany<\/p>\n<p>T +49 221 270 579-00<br \/>\nF +49 221 270 579-01<br \/>\n<a href=\"mailto:info@art-invest.de\">info@art-invest.de<\/a><\/p>\n<p>Commercial Register: Cologne Local Court, HRA 27764<\/p>\n<p>Personally liable partners of the Art-Invest Real Estate Management GmbH &amp; Co. KG:<br \/>\nAIRE Management GmbH<\/p>\n<p>Managing Directors of AIRE Management GmbH:<br \/>\nDr. Markus Wiedenmann (CEO), Dr. Ferdinand Spies (COO), Daniel Fl\u00fcsh\u00f6h (CFO), Andreas Rieger (CTO), Dr. Peter Ebertz, Mathias Gro\u00df, Arne Hilbert, Roland-Alexander St\u00f6cklin, Tobias W. Wilhelm, Martin Wolfrat<\/p>\n<p>Commercial Register: Cologne Local Court, HRB 69928<\/p>\n<p>VAT identification number in accordance with \u00a7 27 a German Turnover Tax Act (UStG): DE 273118212<\/p>\n<p>&nbsp;<\/p>\n<p>Art-Invest Real Estate Funds GmbH<br \/>\nAm Kabellager 11\u201313<br \/>\n51063 Cologne<br \/>\nGermany<\/p>\n<p>T +49 221 270 579-00<br \/>\nF +49 221 270 579-01<br \/>\n<a href=\"mailto:info@art-invest.de\">info@art-invest.de<\/a><\/p>\n<p>Managing Directors: Jan D\u00fchrkoop, Philipp Henkels, J\u00f6rg Hennebach<\/p>\n<p>Chairman of the supervisory board: J\u00fcrgen Fenk<\/p>\n<p>Commercial register: Cologne Local Court, HRB 73574<\/p>\n<p>VAT identification number in accordance with \u00a7 27 a German Turnover Tax Act (UStG):<br \/>\nDE 279410884<\/p>\n<p>&nbsp;<\/p>\n<p>Editorial responsibility:<br \/>\nAnn-Kathrin Kr\u00e4mer<br \/>\nArt-Invest Real Estate Management GmbH &amp; Co. KG<\/p>\n<p>Technical responsibility:<br \/>\nCounterpart Group GmbH<br \/>\nKamekestra\u00dfe 21<br \/>\n50672 K\u00f6ln<br \/>\n<a href=\"https:\/\/www.counterpart.de\/\" target=\"_blank\" rel=\"noopener noreferrer\">www.counterpart.de<\/a><\/p>\n<p>Employee images:<br \/>\nJochen Rolfes<br \/>\n<a href=\"http:\/\/www.jochenrolfes.de\/\" target=\"_blank\" rel=\"noopener noreferrer\">www.jochenrolfes.de<\/a><\/p>\n<p>Arial images:<br \/>\n<a href=\"http:\/\/www.falconcrest.com\/\">www.falconcrest.com<\/a><\/p>\n\n    <\/div>\n  <\/div>\n<\/div>\n\n\n\n<p><\/p>\n","protected":false},"excerpt":{"rendered":"","protected":false},"author":1,"featured_media":0,"parent":0,"menu_order":0,"comment_status":"closed","ping_status":"closed","template":"","meta":{"_acf_changed":false,"footnotes":""},"class_list":["post-15271","page","type-page","status-publish","hentry"],"acf":[],"yoast_head":"<!-- This site is optimized with the Yoast SEO plugin v26.2 - https:\/\/yoast.com\/wordpress\/plugins\/seo\/ -->\n<title>Art-Invest Real Estate | Imprint<\/title>\n<meta name=\"robots\" content=\"index, follow, max-snippet:-1, max-image-preview:large, max-video-preview:-1\" \/>\n<link rel=\"canonical\" href=\"https:\/\/www.art-invest.de\/en\/imprint\/\" \/>\n<meta property=\"og:locale\" content=\"en_US\" \/>\n<meta property=\"og:type\" content=\"article\" \/>\n<meta property=\"og:title\" content=\"Art-Invest Real Estate | Imprint\" \/>\n<meta property=\"og:url\" content=\"https:\/\/www.art-invest.de\/en\/imprint\/\" \/>\n<meta property=\"og:site_name\" content=\"Art-Invest Real Estate\" \/>\n<meta property=\"article:modified_time\" content=\"2026-04-17T09:38:48+00:00\" \/>\n<meta name=\"twitter:card\" content=\"summary_large_image\" \/>\n<script type=\"application\/ld+json\" class=\"yoast-schema-graph\">{\"@context\":\"https:\/\/schema.org\",\"@graph\":[{\"@type\":\"WebPage\",\"@id\":\"https:\/\/www.art-invest.de\/en\/imprint\/\",\"url\":\"https:\/\/www.art-invest.de\/en\/imprint\/\",\"name\":\"Art-Invest Real Estate | Imprint\",\"isPartOf\":{\"@id\":\"https:\/\/www.art-invest.de\/#website\"},\"datePublished\":\"2019-12-13T10:36:28+00:00\",\"dateModified\":\"2026-04-17T09:38:48+00:00\",\"breadcrumb\":{\"@id\":\"https:\/\/www.art-invest.de\/en\/imprint\/#breadcrumb\"},\"inLanguage\":\"en-US\",\"potentialAction\":[{\"@type\":\"ReadAction\",\"target\":[\"https:\/\/www.art-invest.de\/en\/imprint\/\"]}]},{\"@type\":\"BreadcrumbList\",\"@id\":\"https:\/\/www.art-invest.de\/en\/imprint\/#breadcrumb\",\"itemListElement\":[{\"@type\":\"ListItem\",\"position\":1,\"name\":\"Startseite\",\"item\":\"https:\/\/www.art-invest.de\/en\/\"},{\"@type\":\"ListItem\",\"position\":2,\"name\":\"Imprint\"}]},{\"@type\":\"WebSite\",\"@id\":\"https:\/\/www.art-invest.de\/#website\",\"url\":\"https:\/\/www.art-invest.de\/\",\"name\":\"Art-Invest Real Estate\",\"description\":\"Art-Invest\",\"potentialAction\":[{\"@type\":\"SearchAction\",\"target\":{\"@type\":\"EntryPoint\",\"urlTemplate\":\"https:\/\/www.art-invest.de\/?s={search_term_string}\"},\"query-input\":{\"@type\":\"PropertyValueSpecification\",\"valueRequired\":true,\"valueName\":\"search_term_string\"}}],\"inLanguage\":\"en-US\"}]}<\/script>\n<!-- \/ Yoast SEO plugin. -->","yoast_head_json":{"title":"Art-Invest Real Estate | Imprint","robots":{"index":"index","follow":"follow","max-snippet":"max-snippet:-1","max-image-preview":"max-image-preview:large","max-video-preview":"max-video-preview:-1"},"canonical":"https:\/\/www.art-invest.de\/en\/imprint\/","og_locale":"en_US","og_type":"article","og_title":"Art-Invest Real Estate | Imprint","og_url":"https:\/\/www.art-invest.de\/en\/imprint\/","og_site_name":"Art-Invest Real Estate","article_modified_time":"2026-04-17T09:38:48+00:00","twitter_card":"summary_large_image","schema":{"@context":"https:\/\/schema.org","@graph":[{"@type":"WebPage","@id":"https:\/\/www.art-invest.de\/en\/imprint\/","url":"https:\/\/www.art-invest.de\/en\/imprint\/","name":"Art-Invest Real Estate | Imprint","isPartOf":{"@id":"https:\/\/www.art-invest.de\/#website"},"datePublished":"2019-12-13T10:36:28+00:00","dateModified":"2026-04-17T09:38:48+00:00","breadcrumb":{"@id":"https:\/\/www.art-invest.de\/en\/imprint\/#breadcrumb"},"inLanguage":"en-US","potentialAction":[{"@type":"ReadAction","target":["https:\/\/www.art-invest.de\/en\/imprint\/"]}]},{"@type":"BreadcrumbList","@id":"https:\/\/www.art-invest.de\/en\/imprint\/#breadcrumb","itemListElement":[{"@type":"ListItem","position":1,"name":"Startseite","item":"https:\/\/www.art-invest.de\/en\/"},{"@type":"ListItem","position":2,"name":"Imprint"}]},{"@type":"WebSite","@id":"https:\/\/www.art-invest.de\/#website","url":"https:\/\/www.art-invest.de\/","name":"Art-Invest Real Estate","description":"Art-Invest","potentialAction":[{"@type":"SearchAction","target":{"@type":"EntryPoint","urlTemplate":"https:\/\/www.art-invest.de\/?s={search_term_string}"},"query-input":{"@type":"PropertyValueSpecification","valueRequired":true,"valueName":"search_term_string"}}],"inLanguage":"en-US"}]}},"_links":{"self":[{"href":"https:\/\/www.art-invest.de\/en\/wp-json\/wp\/v2\/pages\/15271","targetHints":{"allow":["GET"]}}],"collection":[{"href":"https:\/\/www.art-invest.de\/en\/wp-json\/wp\/v2\/pages"}],"about":[{"href":"https:\/\/www.art-invest.de\/en\/wp-json\/wp\/v2\/types\/page"}],"author":[{"embeddable":true,"href":"https:\/\/www.art-invest.de\/en\/wp-json\/wp\/v2\/users\/1"}],"replies":[{"embeddable":true,"href":"https:\/\/www.art-invest.de\/en\/wp-json\/wp\/v2\/comments?post=15271"}],"version-history":[{"count":48,"href":"https:\/\/www.art-invest.de\/en\/wp-json\/wp\/v2\/pages\/15271\/revisions"}],"predecessor-version":[{"id":29317,"href":"https:\/\/www.art-invest.de\/en\/wp-json\/wp\/v2\/pages\/15271\/revisions\/29317"}],"wp:attachment":[{"href":"https:\/\/www.art-invest.de\/en\/wp-json\/wp\/v2\/media?parent=15271"}],"curies":[{"name":"wp","href":"https:\/\/api.w.org\/{rel}","templated":true}]}}