{"id":23368,"date":"2023-03-31T17:24:04","date_gmt":"2023-03-31T15:24:04","guid":{"rendered":"https:\/\/www.art-invest.de\/stellenangebote\/"},"modified":"2024-10-24T16:51:05","modified_gmt":"2024-10-24T14:51:05","slug":"job-offers","status":"publish","type":"page","link":"https:\/\/www.art-invest.de\/en\/career\/job-offers\/","title":{"rendered":"Job offers"},"content":{"rendered":"<div class=\"k-contact-toggle\">\n        <a href=\"https:\/\/jobdb.softgarden.de\/jobdb\/public\/jobposting\/applyonline\/click?jp=42940030\">\n            Apply proactively!\n        <\/a>\n    <\/div>\n<div id=\"header-23098\" class=\"k-header\">\n            <img decoding=\"async\" src=\"https:\/\/www.art-invest.de\/wp-content\/uploads\/2023\/03\/Header_Stellenangebote_mobile.jpg\" alt=\"Zwei M\u00e4nner im Vordergrund im Gespr\u00e4ch\" title=\"Header_Stellenangebote_mobile\"\n            class=\"img-fluid background w-100 d-lg-none\" \/>\n        <img decoding=\"async\" src=\"https:\/\/www.art-invest.de\/wp-content\/uploads\/2023\/03\/Headerbild_Stellenangebote-scaled.jpg\" alt=\"Vier Personen sitzen in einem B\u00fcro an einem Tisch und sprechen miteinander. Zwei M\u00e4nner im Vordergrund im Gespr\u00e4ch, zwei Frauen h\u00f6ren im Hintergrund zu.\" title=\"Headerbild_Stellenangebote\"\n            class=\"img-fluid background d-none d-lg-block\" \/>\n    \n    <div class=\"overlay\">\n                    <div class=\"container\">\n                <div class=\"row justify-content-center\">\n                    <div class=\"col-auto text-center\">\n                        <h1>Glad you are here!<\/h1>\n                        <div class=\"arrow\">\n                            <a href=\"#\"> <img decoding=\"async\" src=\"https:\/\/www.art-invest.de\/wp-content\/themes\/art-invest\/dist\/images\/career\/arrow-down-white.svg\"> <\/a>\n                        <\/div>\n                    <\/div>\n                <\/div>\n            <\/div>\n                            <\/div>\n<\/div>\n\n\n<div class=\"listview\">\n    <!DOCTYPE html>\n    <html lang=\"\">\n\n    <head>\n        <meta charset=\"utf-8\">\n        <meta http-equiv=\"X-UA-Compatible\" content=\"IE=edge\">\n        <meta name=\"viewport\" content=\"width=device-width,initial-scale=1\">\n        <link href=\"\/wp-content\/themes\/art-invest\/resources\/assets\/softgarden-vue\/js\/chunk-2d237edf.5304372c.js\"\n            rel=\"prefetch\">\n        <link href=\"\/wp-content\/themes\/art-invest\/resources\/assets\/softgarden-vue\/css\/app.9d75698e.css\" rel=\"preload\"\n            as=\"style\">\n        <link href=\"\/wp-content\/themes\/art-invest\/resources\/assets\/softgarden-vue\/css\/chunk-vendors.f6019210.css\"\n            rel=\"preload\" as=\"style\">\n        <link href=\"\/wp-content\/themes\/art-invest\/resources\/assets\/softgarden-vue\/js\/app.55669772.js\" rel=\"preload\"\n            as=\"script\">\n        <link href=\"\/wp-content\/themes\/art-invest\/resources\/assets\/softgarden-vue\/js\/chunk-vendors.3e09163b.js\"\n            rel=\"preload\" as=\"script\">\n        <link href=\"\/wp-content\/themes\/art-invest\/resources\/assets\/softgarden-vue\/css\/chunk-vendors.f6019210.css\"\n            rel=\"stylesheet\">\n        <link href=\"\/wp-content\/themes\/art-invest\/resources\/assets\/softgarden-vue\/css\/app.9d75698e.css\"\n            rel=\"stylesheet\">\n    <\/head>\n\n    <body><noscript><strong>We&#8217;re sorry but softgarden-jobs doesn&#8217;t work properly without JavaScript enabled. Please\n                enable it to continue.<\/strong><\/noscript>\n        <div id=\"app\"><\/div>\n        <script src=\"\/wp-content\/themes\/art-invest\/resources\/assets\/softgarden-vue\/js\/chunk-vendors.3e09163b.js\"><\/script>\n        <script src=\"\/wp-content\/themes\/art-invest\/resources\/assets\/softgarden-vue\/js\/app.55669772.js\"><\/script>\n    <\/body>\n\n    <\/html>\n<\/div>\n\n\n\n<div id=\"c2a-23029\" class=\"k-c2a-banner\">\n    <div class=\"container\">\n        <div class=\"row justify-content-center\">\n            <div class=\"col-12 col-lg-10 text-center\">\n                <h2 style=\"text-align: center;\">Be part of our team!<\/h2>\n<p style=\"text-align: center;\">Would you like to shape your career path together with us?<br>\nApply now!<\/p>\n<p>&nbsp;<\/p>\n<p style=\"text-align: center;\"><a href=\"https:\/\/www.art-invest.de\/karriere\/stellenangebote\/\" target=\"_blank\" rel=\"noopener\">Job offers<\/a><\/p>\n \n            <\/div>\n        <\/div>\n    <\/div>\n<\/div>\n\n\n<div id=\"steps-23022\" class=\"k-steps\">\n            <div class=\"container\">\n            <div class=\"row\">\n                <div class=\"col-12 text-center\">\n                    <h2>Your way into our team<\/h2>\n                <\/div>\n            <\/div>\n        <\/div>\n                    <div class=\"container\">\n            <div class=\"row justify-content-center\">\n                                    <div class=\"col-12 col-lg-3 text-center mb-5 mb-lg-0\">\n                        <div class=\"card h-100\" style=\"background-image: url(https:\/\/www.art-invest.de\/wp-content\/themes\/art-invest\/dist\/images\/career\/steps\/1.svg)\">\n                            <div class=\"card-body\">\n                                <p style=\"text-align: center;\"><strong>Your application <\/strong><br \/>\nYou can apply for one of our advertised positions or send us an unsolicited application. We do our best to respond as quickly as possible.<\/p>\n\n                            <\/div>\n                        <\/div>\n                    <\/div>\n                                    <div class=\"col-12 col-lg-3 text-center mb-5 mb-lg-0\">\n                        <div class=\"card h-100\" style=\"background-image: url(https:\/\/www.art-invest.de\/wp-content\/themes\/art-invest\/dist\/images\/career\/steps\/2.svg)\">\n                            <div class=\"card-body\">\n                                <p style=\"text-align: center;\"><strong>Getting to know us <\/strong><br \/>\nFirst you will meet our recruitment team and the professional manager. If we are the ideal personal and professional fit, we will introduce you to wider members of the team and our managers.<\/p>\n\n                            <\/div>\n                        <\/div>\n                    <\/div>\n                                    <div class=\"col-12 col-lg-3 text-center mb-5 mb-lg-0\">\n                        <div class=\"card h-100\" style=\"background-image: url(https:\/\/www.art-invest.de\/wp-content\/themes\/art-invest\/dist\/images\/career\/steps\/3.svg)\">\n                            <div class=\"card-body\">\n                                <p style=\"text-align: center;\"><strong>Your skills<\/strong><br \/>\nDepending on your chosen area of expertise you may expect to work on a case study. In this way, we would like to give you an insight into our work and find out where your professional strengths lie.<\/p>\n\n                            <\/div>\n                        <\/div>\n                    <\/div>\n                                    <div class=\"col-12 col-lg-3 text-center mb-5 mb-lg-0\">\n                        <div class=\"card h-100\" style=\"background-image: url(https:\/\/www.art-invest.de\/wp-content\/themes\/art-invest\/dist\/images\/career\/steps\/4.svg)\">\n                            <div class=\"card-body\">\n                                <p style=\"text-align: center;\"><strong>Welcome to our team! <\/strong><br \/>\nOnce contract details and formalities are agreed, we warmly welcome you to our team.<\/p>\n\n                            <\/div>\n                        <\/div>\n                    <\/div>\n                            <\/div>\n        <\/div>\n    <\/div>\n\n\n<div id=\"teamcols-23026\" class=\"k-threecol-team \">\n            <div class=\"container\">\n            <div class=\"row\">\n                <div class=\"col-12 text-center\">\n                    <h2>Our recruitment team <\/h2>\n                <\/div>\n            <\/div>\n        <\/div>\n                    <div class=\"container\">\n            <div class=\"row justify-content-center\">\n                                                        <div class=\"col-12 col-lg-3\">\n                                                    <img decoding=\"async\" src=\"https:\/\/www.art-invest.de\/wp-content\/uploads\/2024\/10\/Kim-Lara-Pranke-Color.jpg\" class=\"img-fluid\" \/>\n                                                <p>\n                                                            <b>Kim-Lara Pranke<\/b><br>\n                                                                                        Real Estate Management &amp; Property Management<br>\n                                                    <\/p>\n                    <\/div>\n                                                        <div class=\"col-12 col-lg-3\">\n                                                    <img decoding=\"async\" src=\"https:\/\/www.art-invest.de\/wp-content\/uploads\/2022\/07\/Maren_Preikschas_color.jpg\" class=\"img-fluid\" \/>\n                                                <p>\n                                                            <b>Maren Preikschas<\/b><br>\n                                                                                        Funds Management<br>\n                                                    <\/p>\n                    <\/div>\n                            <\/div>\n        <\/div>\n    <\/div>\n\n\n<div id=\"c2a-23029\" class=\"k-c2a-banner\">\n    <div class=\"container\">\n        <div class=\"row justify-content-center\">\n            <div class=\"col-12 col-lg-10 text-center\">\n                <h2 style=\"text-align: center;\"><strong>YOUR DATA IS SAFE WITH US<\/strong><\/h2>\n<p style=\"text-align: center;\">We assure you absolute confidentiality regarding your application. By submitting your application, you agree that we may electronically record your documents in the Art-Invest Real Estate Group and store them for up to six months after the position has been filled. Electronically submitted applications will be deleted afterwards.<\/p>\n<p style=\"text-align: center;\"><span style=\"color: #a1bcaa;\"><strong>For environmental reasons, we ask you to submit your application in digital form only.<\/strong><\/span><\/p>\n<p><img loading=\"lazy\" decoding=\"async\" class=\"alignnone size-full wp-image-24322 aligncenter\" src=\"https:\/\/www.art-invest.de\/wp-content\/uploads\/2023\/05\/Ai_Icon_MTS.png\" alt=\"\" width=\"100\" height=\"100\" \/><\/p>\n\n            <\/div>\n        <\/div>\n    <\/div>\n<\/div>\n","protected":false},"excerpt":{"rendered":"<p>Be part of our team! Would you like to shape your career path together with us? Apply now! &nbsp; Job offers<\/p>\n","protected":false},"author":21,"featured_media":0,"parent":15273,"menu_order":0,"comment_status":"closed","ping_status":"closed","template":"","meta":{"_acf_changed":false,"footnotes":""},"class_list":["post-23368","page","type-page","status-publish","hentry"],"acf":[],"yoast_head":"<!-- This site is optimized with the Yoast SEO plugin v26.2 - https:\/\/yoast.com\/wordpress\/plugins\/seo\/ -->\n<title>Art-Invest Real Estate | Job offers<\/title>\n<meta name=\"robots\" content=\"index, follow, max-snippet:-1, max-image-preview:large, max-video-preview:-1\" \/>\n<link rel=\"canonical\" href=\"https:\/\/www.art-invest.de\/en\/career\/job-offers\/\" \/>\n<meta property=\"og:locale\" content=\"en_US\" \/>\n<meta property=\"og:type\" content=\"article\" \/>\n<meta property=\"og:title\" content=\"Art-Invest Real Estate | Job offers\" \/>\n<meta property=\"og:description\" content=\"Be part of our team! Would you like to shape your career path together with us? Apply now! &nbsp; Job offers\" \/>\n<meta property=\"og:url\" content=\"https:\/\/www.art-invest.de\/en\/career\/job-offers\/\" \/>\n<meta property=\"og:site_name\" content=\"Art-Invest Real Estate\" \/>\n<meta property=\"article:modified_time\" content=\"2024-10-24T14:51:05+00:00\" \/>\n<meta name=\"twitter:card\" content=\"summary_large_image\" \/>\n<meta name=\"twitter:label1\" content=\"Est. reading time\" \/>\n\t<meta name=\"twitter:data1\" content=\"1 minute\" \/>\n<script type=\"application\/ld+json\" class=\"yoast-schema-graph\">{\"@context\":\"https:\/\/schema.org\",\"@graph\":[{\"@type\":\"WebPage\",\"@id\":\"https:\/\/www.art-invest.de\/en\/career\/job-offers\/\",\"url\":\"https:\/\/www.art-invest.de\/en\/career\/job-offers\/\",\"name\":\"Art-Invest Real Estate | Job offers\",\"isPartOf\":{\"@id\":\"https:\/\/www.art-invest.de\/#website\"},\"datePublished\":\"2023-03-31T15:24:04+00:00\",\"dateModified\":\"2024-10-24T14:51:05+00:00\",\"breadcrumb\":{\"@id\":\"https:\/\/www.art-invest.de\/en\/career\/job-offers\/#breadcrumb\"},\"inLanguage\":\"en-US\",\"potentialAction\":[{\"@type\":\"ReadAction\",\"target\":[\"https:\/\/www.art-invest.de\/en\/career\/job-offers\/\"]}]},{\"@type\":\"BreadcrumbList\",\"@id\":\"https:\/\/www.art-invest.de\/en\/career\/job-offers\/#breadcrumb\",\"itemListElement\":[{\"@type\":\"ListItem\",\"position\":1,\"name\":\"Startseite\",\"item\":\"https:\/\/www.art-invest.de\/en\/\"},{\"@type\":\"ListItem\",\"position\":2,\"name\":\"Career\",\"item\":\"https:\/\/www.art-invest.de\/en\/career\/\"},{\"@type\":\"ListItem\",\"position\":3,\"name\":\"Job offers\"}]},{\"@type\":\"WebSite\",\"@id\":\"https:\/\/www.art-invest.de\/#website\",\"url\":\"https:\/\/www.art-invest.de\/\",\"name\":\"Art-Invest Real Estate\",\"description\":\"Art-Invest\",\"potentialAction\":[{\"@type\":\"SearchAction\",\"target\":{\"@type\":\"EntryPoint\",\"urlTemplate\":\"https:\/\/www.art-invest.de\/?s={search_term_string}\"},\"query-input\":{\"@type\":\"PropertyValueSpecification\",\"valueRequired\":true,\"valueName\":\"search_term_string\"}}],\"inLanguage\":\"en-US\"}]}<\/script>\n<!-- \/ Yoast SEO plugin. -->","yoast_head_json":{"title":"Art-Invest Real Estate | Job offers","robots":{"index":"index","follow":"follow","max-snippet":"max-snippet:-1","max-image-preview":"max-image-preview:large","max-video-preview":"max-video-preview:-1"},"canonical":"https:\/\/www.art-invest.de\/en\/career\/job-offers\/","og_locale":"en_US","og_type":"article","og_title":"Art-Invest Real Estate | Job offers","og_description":"Be part of our team! Would you like to shape your career path together with us? Apply now! &nbsp; Job offers","og_url":"https:\/\/www.art-invest.de\/en\/career\/job-offers\/","og_site_name":"Art-Invest Real Estate","article_modified_time":"2024-10-24T14:51:05+00:00","twitter_card":"summary_large_image","twitter_misc":{"Est. reading time":"1 minute"},"schema":{"@context":"https:\/\/schema.org","@graph":[{"@type":"WebPage","@id":"https:\/\/www.art-invest.de\/en\/career\/job-offers\/","url":"https:\/\/www.art-invest.de\/en\/career\/job-offers\/","name":"Art-Invest Real Estate | Job offers","isPartOf":{"@id":"https:\/\/www.art-invest.de\/#website"},"datePublished":"2023-03-31T15:24:04+00:00","dateModified":"2024-10-24T14:51:05+00:00","breadcrumb":{"@id":"https:\/\/www.art-invest.de\/en\/career\/job-offers\/#breadcrumb"},"inLanguage":"en-US","potentialAction":[{"@type":"ReadAction","target":["https:\/\/www.art-invest.de\/en\/career\/job-offers\/"]}]},{"@type":"BreadcrumbList","@id":"https:\/\/www.art-invest.de\/en\/career\/job-offers\/#breadcrumb","itemListElement":[{"@type":"ListItem","position":1,"name":"Startseite","item":"https:\/\/www.art-invest.de\/en\/"},{"@type":"ListItem","position":2,"name":"Career","item":"https:\/\/www.art-invest.de\/en\/career\/"},{"@type":"ListItem","position":3,"name":"Job offers"}]},{"@type":"WebSite","@id":"https:\/\/www.art-invest.de\/#website","url":"https:\/\/www.art-invest.de\/","name":"Art-Invest Real Estate","description":"Art-Invest","potentialAction":[{"@type":"SearchAction","target":{"@type":"EntryPoint","urlTemplate":"https:\/\/www.art-invest.de\/?s={search_term_string}"},"query-input":{"@type":"PropertyValueSpecification","valueRequired":true,"valueName":"search_term_string"}}],"inLanguage":"en-US"}]}},"_links":{"self":[{"href":"https:\/\/www.art-invest.de\/en\/wp-json\/wp\/v2\/pages\/23368","targetHints":{"allow":["GET"]}}],"collection":[{"href":"https:\/\/www.art-invest.de\/en\/wp-json\/wp\/v2\/pages"}],"about":[{"href":"https:\/\/www.art-invest.de\/en\/wp-json\/wp\/v2\/types\/page"}],"author":[{"embeddable":true,"href":"https:\/\/www.art-invest.de\/en\/wp-json\/wp\/v2\/users\/21"}],"replies":[{"embeddable":true,"href":"https:\/\/www.art-invest.de\/en\/wp-json\/wp\/v2\/comments?post=23368"}],"version-history":[{"count":56,"href":"https:\/\/www.art-invest.de\/en\/wp-json\/wp\/v2\/pages\/23368\/revisions"}],"predecessor-version":[{"id":26966,"href":"https:\/\/www.art-invest.de\/en\/wp-json\/wp\/v2\/pages\/23368\/revisions\/26966"}],"up":[{"embeddable":true,"href":"https:\/\/www.art-invest.de\/en\/wp-json\/wp\/v2\/pages\/15273"}],"wp:attachment":[{"href":"https:\/\/www.art-invest.de\/en\/wp-json\/wp\/v2\/media?parent=23368"}],"curies":[{"name":"wp","href":"https:\/\/api.w.org\/{rel}","templated":true}]}}